{"id":306,"date":"2025-12-15T21:38:16","date_gmt":"2025-12-15T21:38:16","guid":{"rendered":"https:\/\/honduranroots.com\/preguntas-frecuentes\/"},"modified":"2025-12-30T21:43:43","modified_gmt":"2025-12-30T21:43:43","slug":"preguntas-frecuentes","status":"publish","type":"page","link":"https:\/\/honduranroots.com\/es\/preguntas-frecuentes\/","title":{"rendered":"Preguntas frecuentes"},"content":{"rendered":"\n<div class=\"wp-block-honduran-roots-hero-pages hr-hero-pages hr-hero-height-medium\" style=\"background-image:url(https:\/\/honduranroots.com\/wp-content\/uploads\/2025\/12\/hero-plantation.jpg)\"><div class=\"hr-hero-overlay\" style=\"opacity:0.7\"><\/div><div class=\"hr-hero-content\"><p class=\"hr-hero-pre-heading\">SOPORTE<\/p><h1 style=\"color:#FFFFFF\" class=\"hr-hero-title\">Preguntas frecuentes<\/h1><div class=\"hr-hero-divider\"><\/div><p class=\"hr-hero-description\">Todo lo que necesita saber sobre nuestro caf\u00e9<\/p><\/div><\/div>\n\n<div class=\"wp-block-columns is-layout-flex wp-block-columns-is-layout-flex\">\n<div class=\"wp-block-column is-layout-flow wp-block-column-is-layout-flow\" style=\"flex-basis:25%\"><\/div>\n\n\n\n<div class=\"wp-block-column is-layout-flow wp-block-column-is-layout-flow\" style=\"flex-basis:50%\">\n<div class=\"wp-block-honduran-roots-faq-accordion hr-faq-accordion\" style=\"background-color:#FFFFFF;color:#5D372A\" data-allow-multiple=\"false\" data-accent-color=\"#D45A2A\"><div class=\"hr-faq-item\"><button class=\"hr-faq-question\" type=\"button\" aria-expanded=\"false\"><span>\u00bfQu\u00e9 hace que el caf\u00e9 de Honduran Roots sea \u00fanico?<br><a href=\"https:\/\/honduranroots.com\/es\/contacto\/\"><\/a><\/span><svg class=\"hr-faq-icon\" xmlns=\"http:\/\/www.w3.org\/2000\/svg\" width=\"24\" height=\"24\" viewbox=\"0 0 24 24\" fill=\"none\" stroke=\"currentColor\" stroke-width=\"2\" stroke-linecap=\"round\" stroke-linejoin=\"round\" aria-hidden=\"true\"><path d=\"m6 9 6 6 6-6\"><\/path><\/svg><\/button><div class=\"hr-faq-answer\"><div>El caf\u00e9 de Honduran Roots se caracteriza por su sabor rico y suave, con notas de chocolate, frutos secos y frutas tropicales Cada taza refleja el cuidado de los caficultores y el clima \u00fanico de cada regi\u00f3n.<\/div><\/div><\/div><div class=\"hr-faq-item\"><button class=\"hr-faq-question\" type=\"button\" aria-expanded=\"false\"><span>\u00bfDe d\u00f3nde proviene el caf\u00e9?<\/span><svg class=\"hr-faq-icon\" xmlns=\"http:\/\/www.w3.org\/2000\/svg\" width=\"24\" height=\"24\" viewbox=\"0 0 24 24\" fill=\"none\" stroke=\"currentColor\" stroke-width=\"2\" stroke-linecap=\"round\" stroke-linejoin=\"round\" aria-hidden=\"true\"><path d=\"m6 9 6 6 6-6\"><\/path><\/svg><\/button><div class=\"hr-faq-answer\"><div>Nuestro caf\u00e9 proviene de regiones hispanas seleccionadas, reconocidas por su tierra f\u00e9rtil, monta\u00f1as volc\u00e1nicas y una profunda herencia cafetalera. Nos enfocamos en fincas de pa\u00edses como Honduras, Guatemala, Costa Rica, Colombia y otros or\u00edgenes latinoamericanos que comparten un compromiso con la calidad, la cultura y las pr\u00e1cticas sostenibles.<\/div><\/div><\/div><div class=\"hr-faq-item\"><button class=\"hr-faq-question\" type=\"button\" aria-expanded=\"false\"><span>\u00bfCu\u00e1n fresco es su caf\u00e9?<\/span><svg class=\"hr-faq-icon\" xmlns=\"http:\/\/www.w3.org\/2000\/svg\" width=\"24\" height=\"24\" viewbox=\"0 0 24 24\" fill=\"none\" stroke=\"currentColor\" stroke-width=\"2\" stroke-linecap=\"round\" stroke-linejoin=\"round\" aria-hidden=\"true\"><path d=\"m6 9 6 6 6-6\"><\/path><\/svg><\/button><div class=\"hr-faq-answer\"><div>Cada lote se tuesta en cantidades peque\u00f1as para garantizar m\u00e1xima frescura y se env\u00eda en pocos d\u00edas, no meses.<\/div><\/div><\/div><div class=\"hr-faq-item\"><button class=\"hr-faq-question\" type=\"button\" aria-expanded=\"false\"><span>\u00bfCu\u00e1l es la historia detr\u00e1s de \u00abDonde cada grano cuenta una historia\u00bb?<\/span><svg class=\"hr-faq-icon\" xmlns=\"http:\/\/www.w3.org\/2000\/svg\" width=\"24\" height=\"24\" viewbox=\"0 0 24 24\" fill=\"none\" stroke=\"currentColor\" stroke-width=\"2\" stroke-linecap=\"round\" stroke-linejoin=\"round\" aria-hidden=\"true\"><path d=\"m6 9 6 6 6-6\"><\/path><\/svg><\/button><div class=\"hr-faq-answer\"><div>Nuestros granos llevan las historias de generaciones de caficultores que honran la tierra, la cultura y las tradiciones que definen nuestras ra\u00edces.<br><\/div><\/div><\/div><div class=\"hr-faq-item\"><button class=\"hr-faq-question\" type=\"button\" aria-expanded=\"false\"><span>\u00bfOfrecen suscripciones?<\/span><svg class=\"hr-faq-icon\" xmlns=\"http:\/\/www.w3.org\/2000\/svg\" width=\"24\" height=\"24\" viewbox=\"0 0 24 24\" fill=\"none\" stroke=\"currentColor\" stroke-width=\"2\" stroke-linecap=\"round\" stroke-linejoin=\"round\" aria-hidden=\"true\"><path d=\"m6 9 6 6 6-6\"><\/path><\/svg><\/button><div class=\"hr-faq-answer\"><div>\u00a1Pr\u00f3ximamente! Lanzaremos una suscripci\u00f3n que enviar\u00e1 caf\u00e9 latinoamericano fresco a tu puerta cada mes.<br><\/div><\/div><\/div><\/div>\n\n\n\n<div class=\"wp-block-honduran-roots-cta-section hr-cta-section hr-align-center\" style=\"background-color:#FFFFFF;color:#8a635c\"><div class=\"hr-cta-label\"><p class=\"hr-cta-label-text\">\u00daNETE A NOSOTROS<\/p><\/div><h2 class=\"hr-cta-title\" style=\"color:#5b3829\">ESTAMOS AQU\u00cd PARA AYUDARLE<\/h2><div class=\"hr-cta-divider\"><\/div><p class=\"hr-cta-content\">\u00bfNo encuentra lo que busca? P\u00f3ngase en contacto con nuestro equipo.<br><a href=\"https:\/\/honduranroots.com\/es\/contacto\/\"><\/a><\/p><div class=\"hr-cta-button-wrapper\"><a href=\"https:\/\/honduranroots.com\/es\/contacto\/\" class=\"hr-btn-primary\">Cont\u00e1ctenos<svg width=\"16\" height=\"16\" viewbox=\"0 0 24 24\" fill=\"none\" stroke=\"currentColor\" stroke-width=\"2\"><line x1=\"5\" y1=\"12\" x2=\"19\" y2=\"12\"\/><polyline points=\"12 5 19 12 12 19\"><\/polyline><\/svg><\/a><\/div><\/div>\n<\/div>\n\n\n\n<div class=\"wp-block-column is-layout-flow wp-block-column-is-layout-flow\" style=\"flex-basis:25%\"><\/div>\n<\/div>\n\n\n","protected":false},"excerpt":{"rendered":"","protected":false},"author":1,"featured_media":0,"parent":0,"menu_order":0,"comment_status":"closed","ping_status":"closed","template":"","meta":{"footnotes":""},"class_list":["post-306","page","type-page","status-publish","hentry"],"_links":{"self":[{"href":"https:\/\/honduranroots.com\/es\/wp-json\/wp\/v2\/pages\/306","targetHints":{"allow":["GET"]}}],"collection":[{"href":"https:\/\/honduranroots.com\/es\/wp-json\/wp\/v2\/pages"}],"about":[{"href":"https:\/\/honduranroots.com\/es\/wp-json\/wp\/v2\/types\/page"}],"author":[{"embeddable":true,"href":"https:\/\/honduranroots.com\/es\/wp-json\/wp\/v2\/users\/1"}],"replies":[{"embeddable":true,"href":"https:\/\/honduranroots.com\/es\/wp-json\/wp\/v2\/comments?post=306"}],"version-history":[{"count":2,"href":"https:\/\/honduranroots.com\/es\/wp-json\/wp\/v2\/pages\/306\/revisions"}],"predecessor-version":[{"id":391,"href":"https:\/\/honduranroots.com\/es\/wp-json\/wp\/v2\/pages\/306\/revisions\/391"}],"wp:attachment":[{"href":"https:\/\/honduranroots.com\/es\/wp-json\/wp\/v2\/media?parent=306"}],"curies":[{"name":"wp","href":"https:\/\/api.w.org\/{rel}","templated":true}]}}