{"id":303,"date":"2025-12-15T21:38:16","date_gmt":"2025-12-15T21:38:16","guid":{"rendered":"https:\/\/honduranroots.com\/inicio\/"},"modified":"2026-01-10T01:17:38","modified_gmt":"2026-01-10T01:17:38","slug":"inicio","status":"publish","type":"page","link":"https:\/\/honduranroots.com\/es\/","title":{"rendered":"Inicio"},"content":{"rendered":"\n<div class=\"wp-block-honduran-roots-hero-home alignfull hr-hero-home\" style=\"background-image:url(https:\/\/honduranroots.com\/wp-content\/uploads\/2025\/12\/hero-plantation.jpg)\"><div class=\"hr-hero-overlay\" style=\"opacity:0.7\"><\/div><div class=\"hr-hero-content\"><p class=\"hr-hero-premium-label\">CAF\u00c9 PREMIUM LATINOAMERICANO<\/p><h1 style=\"color:#FFFFFF\" class=\"hr-hero-title\">HONDURAN<br>ROOTS<\/h1><div class=\"hr-hero-divider\"><\/div><p style=\"color:rgba(255, 255, 255, 0.9)\" class=\"hr-hero-subtitle\">Donde cada grano cuenta una historia<\/p><div class=\"hr-hero-button-wrapper\"><a href=\"tienda\/\" class=\"hr-btn-primary\">Comprar caf\u00e9<svg width=\"16\" height=\"16\" viewbox=\"0 0 24 24\" fill=\"none\" stroke=\"currentColor\" stroke-width=\"2\"><line x1=\"5\" y1=\"12\" x2=\"19\" y2=\"12\"\/><polyline points=\"12 5 19 12 12 19\"><\/polyline><\/svg><\/a><\/div><\/div><\/div>\n\n<div class=\"wp-block-columns alignfull is-layout-flex wp-block-columns-is-layout-flex\">\n<div class=\"wp-block-column is-style-default is-layout-flow wp-block-column-is-layout-flow\" style=\"flex-basis:100%\">\n<div class=\"wp-block-honduran-roots-roots-deep hr-align-center\" style=\"background-color:#FFFFFF;color:#5D372A\"><div class=\"hr-roots-deep\"><div class=\"hr-roots-icon\"><svg width=\"48\" height=\"48\" viewbox=\"0 0 24 24\" fill=\"none\" stroke=\"currentColor\" stroke-width=\"2\"><path d=\"M18 8h1a4 4 0 0 1 0 8h-1\"><\/path><path d=\"M2 8h16v9a4 4 0 0 1-4 4H6a4 4 0 0 1-4-4V8z\"><\/path><line x1=\"6\" y1=\"1\" x2=\"6\" y2=\"4\"\/><line x1=\"10\" y1=\"1\" x2=\"10\" y2=\"4\"\/><line x1=\"14\" y1=\"1\" x2=\"14\" y2=\"4\"\/><\/svg><\/div><div class=\"hr-roots-label\"><p class=\"hr-roots-label-text\">NUESTRA FILOSOF\u00cdA<\/p><\/div><h2 class=\"hr-roots-title\">NUESTRAS RA\u00cdCES SON PROFUNDAS<\/h2><div class=\"hr-roots-divider\"><\/div><p class=\"hr-roots-content\">Elaboramos caf\u00e9 latinoamericano con un prop\u00f3sito, honrando la tierra, a los agricultores y la tradici\u00f3n detr\u00e1s de cada grano. Desde las brumosas tierras altas hasta su taza, preservamos la historia de la mejor cosecha de Honduras.<br><\/p><\/div><\/div>\n<\/div>\n<\/div>\n\n<div class=\"wp-block-columns has-vanilla-background-color has-background is-layout-flex wp-block-columns-is-layout-flex\">\n<div class=\"wp-block-column is-layout-flow wp-block-column-is-layout-flow\" style=\"padding-top:0;padding-right:0;padding-bottom:0;padding-left:0;flex-basis:100%\">\n<div class=\"wp-block-group has-global-padding is-layout-constrained wp-block-group-is-layout-constrained\">\n<div class=\"wp-block-columns are-vertically-aligned-center is-layout-flex wp-block-columns-is-layout-flex\">\n<div class=\"wp-block-column is-vertically-aligned-center max-width-1200 has-vanilla-background-color has-background is-layout-flow wp-block-column-is-layout-flow\" style=\"padding-top:0;padding-bottom:0;flex-basis:100%\">\n<div class=\"wp-block-group has-global-padding is-layout-constrained wp-block-group-is-layout-constrained\">\n<div class=\"wp-block-columns is-layout-flex wp-block-columns-is-layout-flex\">\n<div class=\"wp-block-column is-style-default has-accent-5-background-color has-background is-layout-flow wp-block-column-is-layout-flow\" style=\"border-top-left-radius:0px;border-top-right-radius:0px;border-bottom-left-radius:0px;border-bottom-right-radius:0px;padding-top:var(--wp--preset--spacing--70);padding-bottom:var(--wp--preset--spacing--20)\">\n\n\n\n\n<div class=\"wp-block-honduran-roots-section-header hr-section-header\"><div class=\"hr-section-header-content\"><p class=\"hr-section-header-label\">COLECCI\u00d3N EXCLUSIVA<\/p><h2 class=\"hr-section-header-title\">NUESTROS TUESTES<\/h2><div class=\"hr-section-header-divider\"><\/div><p class=\"hr-section-header-description\">Explore nuestra selecci\u00f3n cuidadosamente seleccionada de caf\u00e9 premium latinoamericano<\/p><\/div><\/div>\n<\/div>\n<\/div>\n<\/div>\n\n\n\n<div data-wp-context=\"{&quot;notices&quot;:[],&quot;hideNextPreviousButtons&quot;:false,&quot;isDisabledPrevious&quot;:true,&quot;isDisabledNext&quot;:false,&quot;ariaLabelPrevious&quot;:&quot;Productos anteriores&quot;,&quot;ariaLabelNext&quot;:&quot;Productos siguientes&quot;,&quot;collection&quot;:&quot;woocommerce\\\/product-collection\\\/new-arrivals&quot;}\" data-wp-init=\"callbacks.onRender\" data-wp-interactive=\"woocommerce\/product-collection\" data-wp-router-region=\"wc-product-collection-0\" data-__private-preview-state=\"{&quot;isPreview&quot;:false,&quot;previewMessage&quot;:&quot;Actual products will vary depending on the page being viewed.&quot;}\" data-block-name=\"woocommerce\/product-collection\" data-collection=\"woocommerce\/product-collection\/new-arrivals\" data-dimensions=\"{&quot;widthType&quot;:&quot;fill&quot;,&quot;fixedWidth&quot;:&quot;1152px&quot;}\" data-display-layout=\"{&quot;type&quot;:&quot;flex&quot;,&quot;columns&quot;:3,&quot;shrinkColumns&quot;:true}\" data-hide-controls=\"[&quot;inherit&quot;,&quot;order&quot;,&quot;filterable&quot;]\" data-query-context-includes=\"[&quot;collection&quot;]\" data-query-id=\"0\" data-query=\"{&quot;perPage&quot;:3,&quot;pages&quot;:1,&quot;offset&quot;:0,&quot;postType&quot;:&quot;product&quot;,&quot;order&quot;:&quot;desc&quot;,&quot;orderBy&quot;:&quot;date&quot;,&quot;search&quot;:&quot;&quot;,&quot;exclude&quot;:[],&quot;inherit&quot;:false,&quot;taxQuery&quot;:[],&quot;isProductCollectionBlock&quot;:true,&quot;featured&quot;:false,&quot;woocommerceOnSale&quot;:false,&quot;woocommerceStockStatus&quot;:[&quot;instock&quot;,&quot;outofstock&quot;,&quot;onbackorder&quot;],&quot;woocommerceAttributes&quot;:[],&quot;woocommerceHandPickedProducts&quot;:[],&quot;timeFrame&quot;:{&quot;operator&quot;:&quot;not-in&quot;,&quot;value&quot;:&quot;-1 day&quot;},&quot;filterable&quot;:false,&quot;relatedBy&quot;:{&quot;categories&quot;:true,&quot;tags&quot;:true}}\" data-tag-name=\"div\" class=\"wp-block-woocommerce-product-collection home-woocommerce is-layout-flow wp-block-woocommerce-product-collection-is-layout-flow\">\t\t<div data-wp-interactive=\"woocommerce\/store-notices\" class=\"wc-block-components-notices alignwide\">\n\t\t\t<template data-wp-each--notice=\"state.notices\" data-wp-each-key=\"context.notice.id\">\n\t\t\t\t<div\n\t\t\t\t\tclass=\"wc-block-components-notice-banner\"\n\t\t\t\t\tdata-wp-init=\"callbacks.scrollIntoView\"\n\t\t\t\t\tdata-wp-class--is-error=\"state.isError\"\n\t\t\t\t\tdata-wp-class--is-success =\"state.isSuccess\"\n\t\t\t\t\tdata-wp-class--is-info=\"state.isInfo\"\n\t\t\t\t\tdata-wp-class--is-dismissible=\"context.notice.dismissible\"\n\t\t\t\t\tdata-wp-bind--role=\"state.role\"\n\t\t\t\t>\n\t\t\t\t\t<svg xmlns=\"http:\/\/www.w3.org\/2000\/svg\" viewBox=\"0 0 24 24\" width=\"24\" height=\"24\" aria-hidden=\"true\" focusable=\"false\">\n\t\t\t\t\t\t<path data-wp-bind--d=\"state.iconPath\"><\/path>\n\t\t\t\t\t<\/svg>\n\t\t\t\t\t<div class=\"wc-block-components-notice-banner__content\">\n\t\t\t\t\t\t<span data-wp-init=\"callbacks.renderNoticeContent\" aria-live=\"assertive\" aria-atomic=\"true\"><\/span>\n\t\t\t\t\t<\/div>\n\t\t\t\t\t<button\n\t\t\t\t\t\tdata-wp-bind--hidden=\"!context.notice.dismissible\"\n\t\t\t\t\t\tclass=\"wc-block-components-button wp-element-button wc-block-components-notice-banner__dismiss contained\"\n\t\t\t\t\t\taria-label=\"Descartar este aviso\"\n\t\t\t\t\t\tdata-wp-on--click=\"actions.removeNotice\"\n\t\t\t\t\t>\n\t\t\t\t\t\t<svg xmlns=\"http:\/\/www.w3.org\/2000\/svg\" viewBox=\"0 0 24 24\">\n\t\t\t\t\t\t\t<path d=\"M13 11.8l6.1-6.3-1-1-6.1 6.2-6.1-6.2-1 1 6.1 6.3-6.5 6.7 1 1 6.5-6.6 6.5 6.6 1-1z\" \/>\n\t\t\t\t\t\t<\/svg>\n\t\t\t\t\t<\/button>\n\t\t\t\t<\/div>\n\t\t\t<\/template>\n\t\t<\/div>\n\t\t\n<h2 class=\"wp-block-heading has-text-align-center\" style=\"margin-bottom:1rem\"><\/h2>\n\n\n<ul data-block-name=\"woocommerce\/product-template\" class=\"wc-block-product-template__responsive columns-3 wc-block-product-template wp-block-woocommerce-product-template is-layout-flow wp-block-woocommerce-product-template-is-layout-flow\" data-wp-on--scroll=\"actions.watchScroll\" data-wp-init=\"callbacks.initResizeObserver\"><li class=\"wc-block-product post-368 product type-product status-publish has-post-thumbnail product_cat-tueste-medio product_tag-caramelo product_tag-citrico-naranja product_tag-miel first instock taxable shipping-taxable purchasable product-type-simple\"\n\t\t\t\t\t\n\t\t\t\tdata-wp-interactive=\"woocommerce\/product-collection\"\n\t\t\t\tdata-wp-context='{\"productId\":368}'\n\t\t\t\tdata-wp-key=\"product-item-368\"\n\t\t\t\n\t\t\t\t>\n\t\t\t\t\t\n<div data-block-name=\"woocommerce\/product-image\" data-image-sizing=\"thumbnail\" data-is-descendent-of-query-loop=\"true\" data-show-sale-badge=\"false\" class=\"wc-block-components-product-image wc-block-grid__product-image wc-block-components-product-image--aspect-ratio-auto wp-block-woocommerce-product-image\"><a href=\"https:\/\/honduranroots.com\/es\/producto\/honduras-parainema\/\" style=\"\" data-wp-on--click=\"woocommerce\/product-collection::actions.viewProduct\"><img loading=\"lazy\" decoding=\"async\" width=\"300\" height=\"300\" src=\"https:\/\/honduranroots.com\/wp-content\/uploads\/2025\/12\/WhatsApp-Image-2026-01-17-at-2.20.33-PM-300x300.jpeg\" class=\"attachment-woocommerce_thumbnail size-woocommerce_thumbnail\" alt=\"Honduras - Parainema\" data-testid=\"product-image\" data-image-id=\"421\" style=\"object-fit:cover;\" srcset=\"https:\/\/honduranroots.com\/wp-content\/uploads\/2025\/12\/WhatsApp-Image-2026-01-17-at-2.20.33-PM-300x300.jpeg 300w, https:\/\/honduranroots.com\/wp-content\/uploads\/2025\/12\/WhatsApp-Image-2026-01-17-at-2.20.33-PM-150x150.jpeg 150w, https:\/\/honduranroots.com\/wp-content\/uploads\/2025\/12\/WhatsApp-Image-2026-01-17-at-2.20.33-PM-100x100.jpeg 100w\" sizes=\"auto, (max-width: 300px) 100vw, 300px\" \/><div class=\"wc-block-components-product-image__inner-container\">\n\n<\/div><\/a><\/div>\n\n<h2 style=\"line-height:1.4; margin-bottom:0.75rem;margin-top:0;\" class=\"has-text-align-left wp-block-post-title has-large-font-size\"><a data-wp-on--click=\"woocommerce\/product-collection::actions.viewProduct\" href=\"https:\/\/honduranroots.com\/es\/producto\/honduras-parainema\/\" target=\"_self\" >Honduras &#8211; Parainema<\/a><\/h2>\n\n<div data-block-name=\"woocommerce\/product-price\" data-font-size=\"medium\" data-is-descendent-of-query-loop=\"true\" data-text-align=\"left\" class=\"has-font-size has-medium-font-size has-text-align-left wp-block-woocommerce-product-price has-medium-font-size\" ><div class=\"wc-block-components-product-price wc-block-grid__product-price\" >\n\t\t\t\t\t<span class=\"woocommerce-Price-amount amount\"><bdi><span class=\"woocommerce-Price-currencySymbol\">&#36;<\/span>24.99<\/bdi><\/span>\n\t\t\t\t<\/div><\/div>\n\n<div data-block-name=\"woocommerce\/product-button\" data-font-size=\"small\" data-is-descendent-of-query-loop=\"true\" class=\"wp-block-button wc-block-components-product-button   align- wp-block-woocommerce-product-button has-small-font-size\"\n\t\t\t\t\t\n\t\t\tdata-wp-interactive=\"woocommerce\/product-button\"\n\t\t\tdata-wp-init=\"actions.refreshCartItems\"\n\t\t\n\t\t\t\t\tdata-wp-context='{\"quantityToAdd\":1,\"productId\":368,\"productType\":\"simple\",\"addToCartText\":\"A\\u00f1adir al carrito\",\"tempQuantity\":0,\"animationStatus\":\"IDLE\",\"inTheCartText\":\"### en el carrito\",\"noticeId\":\"\",\"hasPressedButton\":false}'\n\t\t\t\t>\n\t\t\t\t\t<button\n\t\t\t\t\t\tclass=\"wp-block-button__link wp-element-button wc-block-components-product-button__button add_to_cart_button ajax_add_to_cart product_type_simple has-font-size has-small-font-size wc-interactive\"\n\t\t\t\t\t\tstyle=\"\"\n\t\t\t\t\t\ttype=\"button\" data-product_id=\"368\" data-product_sku=\"\" aria-label=\"A\u00f1adir al carrito: &ldquo;Honduras - Parainema&rdquo;\"\n\t\t\t\t\t\tdata-wp-on--click=\"actions.addCartItem\"\n\t\t\t\t\t>\n\t\t\t\t\t<span \n\t\t\tdata-wp-text=\"state.addToCartText\"\n\t\t\tdata-wp-class--wc-block-slide-in=\"state.slideInAnimation\"\n\t\t\tdata-wp-class--wc-block-slide-out=\"state.slideOutAnimation\"\n\t\t\tdata-wp-on--animationend=\"actions.handleAnimationEnd\"\n\t\t\tdata-wp-watch=\"callbacks.startAnimation\"\n\t\t\tdata-wp-run=\"callbacks.syncTempQuantityOnLoad\"\n\t\t>A\u00f1adir al carrito<\/span>\n\t\t\t\t\t<\/button>\n\t\t\t\t\t<span\n\t\t\t\thidden\n\t\t\t\tdata-wp-bind--hidden=\"!state.displayViewCart\"\n\t\t\t>\n\t\t\t\t<a\n\t\t\t\t\thref=\"https:\/\/honduranroots.com\/es\/carrito\/\"\n\t\t\t\t\tclass=\"added_to_cart wc_forward\"\n\t\t\t\t\ttitle=\"Ver carrito\"\n\t\t\t\t>\n\t\t\t\t\tVer carrito\n\t\t\t\t<\/a>\n\t\t\t<\/span>\n\t\t\t\t<\/div>\n\n\t\t\t\t<\/li><\/ul><\/div>\n\n\n\n<div class=\"wp-block-group has-global-padding is-layout-constrained wp-block-group-is-layout-constrained\" style=\"padding-top:var(--wp--preset--spacing--40);padding-bottom:var(--wp--preset--spacing--70)\">\n<div class=\"wp-block-honduran-roots-button hr-button-wrapper hr-button-align-center\"><a href=\"tienda\/\" class=\"hr-button hr-button-outline\"><span>Ver todos los productos<\/span><svg width=\"16\" height=\"16\" viewbox=\"0 0 24 24\" fill=\"none\" stroke=\"currentColor\" stroke-width=\"2\"><line x1=\"5\" y1=\"12\" x2=\"19\" y2=\"12\"\/><polyline points=\"12 5 19 12 12 19\"><\/polyline><\/svg><\/a><\/div>\n<\/div>\n<\/div>\n<\/div>\n<\/div>\n<\/div>\n<\/div>\n\n<div class=\"wp-block-columns alignfull is-layout-flex wp-block-columns-is-layout-flex\">\n<div class=\"wp-block-column is-layout-flow wp-block-column-is-layout-flow\" style=\"flex-basis:100%\">\n<div class=\"wp-block-honduran-roots-honduras-map hr-honduras-map\"><div class=\"hr-honduras-map-content\"><div class=\"hr-honduras-map-text\"><p class=\"hr-honduras-map-label\">NUESTRO ORIGEN<\/p><h2 class=\"hr-honduras-map-title\">HONDURAS ES NUESTRO HOGAR<\/h2><div class=\"hr-honduras-map-divider\"><\/div><div class=\"hr-honduras-map-content-text\"><p>Cada grano comienza en un suelo latinoamericano f\u00e9rtil. Nuestra misi\u00f3n es preservar esa historia desde la finca hasta la taza. <\/p><p><br>Trabajamos directamente con peque\u00f1os agricultores que utilizan m\u00e9todos de cultivo tradicionales transmitidos de generaci\u00f3n en generaci\u00f3n, garantizando que cada taza transmita el aut\u00e9ntico sabor de la herencia hispana.<\/p><\/div><a href=\"acerca-de-nosotros\/\" class=\"hr-honduras-map-button\">CONOZCA NUESTRA HISTORIA<svg width=\"16\" height=\"16\" viewbox=\"0 0 24 24\" fill=\"none\" stroke=\"currentColor\" stroke-width=\"2\"><line x1=\"5\" y1=\"12\" x2=\"19\" y2=\"12\"\/><polyline points=\"12 5 19 12 12 19\"><\/polyline><\/svg><\/a><\/div><div class=\"hr-honduras-map-image-wrapper\"><img decoding=\"async\" src=\"https:\/\/honduranroots.com\/wp-content\/uploads\/2025\/12\/coffee-beans.jpg\" alt=\"Honduras\" class=\"hr-honduras-map-image\"><div class=\"hr-honduras-map-image-label\"><span class=\"hr-honduras-map-image-label-top\">ORIGEN<\/span><span class=\"hr-honduras-map-image-label-bottom\">HONDURAS<\/span><\/div><\/div><\/div><\/div>\n<\/div>\n<\/div>\n\n<div class=\"wp-block-honduran-roots-cta-section alignfull hr-cta-section hr-align-center\" style=\"background-color:#5D372A;color:#FFFFFF\"><div class=\"hr-cta-label\"><p class=\"hr-cta-label-text\">\u00daNETE A NOSOTROS<\/p><\/div><h2 class=\"hr-cta-title\" style=\"color:#FFFFFF\">DONDE EL ORIGEN IMPORTA<\/h2><div class=\"hr-cta-divider\"><\/div><p class=\"hr-cta-content\">\u00danase a nosotros para celebrar la rica herencia del caf\u00e9 latinoamericano.<\/p><div class=\"hr-cta-button-wrapper\"><a href=\"tienda\/\" class=\"hr-btn-primary\">Comience su viaje<svg width=\"16\" height=\"16\" viewbox=\"0 0 24 24\" fill=\"none\" stroke=\"currentColor\" stroke-width=\"2\"><line x1=\"5\" y1=\"12\" x2=\"19\" y2=\"12\"\/><polyline points=\"12 5 19 12 12 19\"><\/polyline><\/svg><\/a><\/div><\/div>\n","protected":false},"excerpt":{"rendered":"","protected":false},"author":1,"featured_media":0,"parent":0,"menu_order":0,"comment_status":"closed","ping_status":"closed","template":"","meta":{"footnotes":""},"class_list":["post-303","page","type-page","status-publish","hentry"],"_links":{"self":[{"href":"https:\/\/honduranroots.com\/es\/wp-json\/wp\/v2\/pages\/303","targetHints":{"allow":["GET"]}}],"collection":[{"href":"https:\/\/honduranroots.com\/es\/wp-json\/wp\/v2\/pages"}],"about":[{"href":"https:\/\/honduranroots.com\/es\/wp-json\/wp\/v2\/types\/page"}],"author":[{"embeddable":true,"href":"https:\/\/honduranroots.com\/es\/wp-json\/wp\/v2\/users\/1"}],"replies":[{"embeddable":true,"href":"https:\/\/honduranroots.com\/es\/wp-json\/wp\/v2\/comments?post=303"}],"version-history":[{"count":7,"href":"https:\/\/honduranroots.com\/es\/wp-json\/wp\/v2\/pages\/303\/revisions"}],"predecessor-version":[{"id":410,"href":"https:\/\/honduranroots.com\/es\/wp-json\/wp\/v2\/pages\/303\/revisions\/410"}],"wp:attachment":[{"href":"https:\/\/honduranroots.com\/es\/wp-json\/wp\/v2\/media?parent=303"}],"curies":[{"name":"wp","href":"https:\/\/api.w.org\/{rel}","templated":true}]}}