{"id":297,"date":"2025-12-15T21:38:16","date_gmt":"2025-12-15T21:38:16","guid":{"rendered":"https:\/\/honduranroots.com\/acerca-de-nosotros\/"},"modified":"2025-12-30T15:56:54","modified_gmt":"2025-12-30T15:56:54","slug":"acerca-de-nosotros","status":"publish","type":"page","link":"https:\/\/honduranroots.com\/es\/acerca-de-nosotros\/","title":{"rendered":"Acerca de nosotros"},"content":{"rendered":"\n<div class=\"wp-block-honduran-roots-hero-pages hr-hero-pages hr-hero-height-medium\" style=\"background-image:url(https:\/\/honduranroots.com\/wp-content\/uploads\/2025\/12\/hero-plantation.jpg)\"><div class=\"hr-hero-overlay\" style=\"opacity:0.7\"><\/div><div class=\"hr-hero-content\"><p class=\"hr-hero-pre-heading\">NUESTRA HISTORIA<\/p><h1 style=\"color:#FFFFFF\" class=\"hr-hero-title\">Acerca de nosotros<\/h1><div class=\"hr-hero-divider\"><\/div><p class=\"hr-hero-description\">Desde las tierras altas de Honduras hasta su taza, tenemos la misi\u00f3n de compartir la rica herencia del caf\u00e9 latinoamericano.<\/p><\/div><\/div>\n\n<div class=\"wp-block-honduran-roots-honduras-map hr-honduras-map\"><div class=\"hr-honduras-map-content\"><div class=\"hr-honduras-map-text\"><p class=\"hr-honduras-map-label\">NUESTRO ORIGEN<\/p><h2 class=\"hr-honduras-map-title\">HONDURAS ES NUESTRO HOGAR<\/h2><div class=\"hr-honduras-map-divider\"><\/div><div class=\"hr-honduras-map-content-text\"><p>Honduran Roots se inspiro en el deseo compartido de dos amigas de rendir homenaje a sus ra\u00edces. Juntas emprendieron la misi\u00f3n de dar a conocer al mundo la belleza, la pasi\u00f3n, la historia, y las tradiciones de Honduras, as\u00ed como la riqueza cultural y las diversas ra\u00edces de los pa\u00edses hispanos. <\/p><\/div><\/div><div class=\"hr-honduras-map-image-wrapper\"><img decoding=\"async\" src=\"https:\/\/honduranroots.com\/wp-content\/uploads\/2025\/12\/plantas-scaled-e1767037360986.jpeg\" alt=\"Honduras\" class=\"hr-honduras-map-image\"><div class=\"hr-honduras-map-image-label\"><span class=\"hr-honduras-map-image-label-top\">ORIGEN<\/span><span class=\"hr-honduras-map-image-label-bottom\">HONDURAS<\/span><\/div><\/div><\/div><\/div>\n\n<div class=\"wp-block-columns is-layout-flex wp-block-columns-is-layout-flex\">\n<div class=\"wp-block-column is-vertically-aligned-center has-vanilla-background-color has-background is-layout-flow wp-block-column-is-layout-flow\" style=\"padding-top:var(--wp--preset--spacing--60);padding-bottom:var(--wp--preset--spacing--50)\">\n<div class=\"wp-block-columns is-layout-flex wp-block-columns-is-layout-flex\">\n<div class=\"wp-block-column max-width-1200 has-global-padding is-layout-constrained wp-block-column-is-layout-constrained\" style=\"flex-basis:1200px\">\n<div class=\"wp-block-columns is-layout-flex wp-block-columns-is-layout-flex\">\n<div class=\"wp-block-column is-layout-flow wp-block-column-is-layout-flow\" style=\"padding-right:var(--wp--preset--spacing--30);padding-left:var(--wp--preset--spacing--30)\">\n<div class=\"wp-block-honduran-roots-vision-section hr-vision-section hr-align-left\" style=\"background-color:#FFFFFF\"><div class=\"hr-vision-label\"><p class=\"hr-vision-label-text\">ASPIRACI\u00d3N<\/p><\/div><h2 class=\"hr-vision-title\">NUESTRA Misi\u00f3n<\/h2><div class=\"hr-vision-divider\"><\/div><p class=\"hr-vision-content\">Celebrar y elevar el rico patrimonio del caf\u00e9 hispano, honrando a nuestros caficultores, preservando la siembra tradicional y ofreciendo sabores aut\u00e9nticos y de especialidad\u2014grano a grano.<br><\/p><\/div>\n<\/div>\n\n\n\n<div class=\"wp-block-column is-layout-flow wp-block-column-is-layout-flow\" style=\"padding-right:var(--wp--preset--spacing--30);padding-left:var(--wp--preset--spacing--30)\">\n<div class=\"wp-block-honduran-roots-vision-section hr-vision-section hr-align-left\" style=\"background-color:#FFFFFF\"><div class=\"hr-vision-label\"><p class=\"hr-vision-label-text\">ASPIRACI\u00d3N<\/p><\/div><h2 class=\"hr-vision-title\">NUESTRA VISI\u00d3N<\/h2><div class=\"hr-vision-divider\"><\/div><p class=\"hr-vision-content\">Convertirnos en una marca de caf\u00e9 hispana l\u00edder en el estado de Washington que eleve nuestras ra\u00edces celebrando sabores ancestrales, empoderando a los peque\u00f1os agricultores e inspirando el orgullo cultural en cada taza.<\/p><\/div>\n<\/div>\n<\/div>\n<\/div>\n<\/div>\n<\/div>\n<\/div>\n\n<div class=\"wp-block-columns max-width-1200 is-layout-flex wp-block-columns-is-layout-flex\">\n<div class=\"wp-block-column is-layout-flow wp-block-column-is-layout-flow\" style=\"flex-basis:100%\">\n<div class=\"wp-block-honduran-roots-values-section alignfull hr-values-section\"><div class=\"max-width-1200\"><div class=\"hr-values-header\"><p class=\"hr-values-label\">PRINCIPIOS<\/p><h2 class=\"hr-values-title\">NUESTROS VALORES<\/h2><div class=\"hr-values-divider\"><\/div><\/div><div class=\"hr-values-grid\"><div class=\"hr-value-item\"><h3 class=\"hr-value-title\">PASI\u00d3N<\/h3><div class=\"hr-value-divider\"><\/div><p class=\"hr-value-description\">Cada taza se elabora con amor por el caf\u00e9 y respeto por la tradici\u00f3n.<\/p><\/div><div class=\"hr-value-item\"><h3 class=\"hr-value-title\">COMUNIDAD<\/h3><div class=\"hr-value-divider\"><\/div><p class=\"hr-value-description\">Invertimos en nuestras comunidades agr\u00edcolas, garantizando salarios justos y pr\u00e1cticas sostenibles.<\/p><\/div><div class=\"hr-value-item\"><h3 class=\"hr-value-title\">SOSTENIBILIDAD<\/h3><div class=\"hr-value-divider\"><\/div><p class=\"hr-value-description\">La administraci\u00f3n ambiental gu\u00eda cada decisi\u00f3n desde la finca hasta la taza.<\/p><\/div><div class=\"hr-value-item\"><h3 class=\"hr-value-title\">CALIDAD<\/h3><div class=\"hr-value-divider\"><\/div><p class=\"hr-value-description\">Solo los mejores granos entran en nuestros tostados de autor.<\/p><\/div><\/div><\/div><\/div>\n<\/div>\n<\/div>\n\n<div class=\"wp-block-columns alignfull is-layout-flex wp-block-columns-is-layout-flex\">\n<div class=\"wp-block-column has-base-background-color has-background is-layout-flow wp-block-column-is-layout-flow\" style=\"flex-basis:100%\">\n<div class=\"wp-block-honduran-roots-cta-section hr-cta-section hr-align-center\" style=\"background-color:#FFFFFF;color:#5b3829\"><div class=\"hr-cta-label\"><p class=\"hr-cta-label-text\">\u00daNETE A NOSOTROS<\/p><\/div><h2 class=\"hr-cta-title\" style=\"color:#5b3829\">DONDE EL ORIGEN IMPORTA<\/h2><div class=\"hr-cta-divider\"><\/div><p class=\"hr-cta-content\">\u00danase a nosotros para celebrar la rica herencia del caf\u00e9 latinoamericano.<\/p><div class=\"hr-cta-button-wrapper\"><a href=\"\/shop\" class=\"hr-btn-primary\">Comience su viaje<svg width=\"16\" height=\"16\" viewbox=\"0 0 24 24\" fill=\"none\" stroke=\"currentColor\" stroke-width=\"2\"><line x1=\"5\" y1=\"12\" x2=\"19\" y2=\"12\"\/><polyline points=\"12 5 19 12 12 19\"><\/polyline><\/svg><\/a><\/div><\/div>\n<\/div>\n<\/div>\n","protected":false},"excerpt":{"rendered":"","protected":false},"author":1,"featured_media":0,"parent":0,"menu_order":0,"comment_status":"closed","ping_status":"closed","template":"","meta":{"footnotes":""},"class_list":["post-297","page","type-page","status-publish","hentry"],"_links":{"self":[{"href":"https:\/\/honduranroots.com\/es\/wp-json\/wp\/v2\/pages\/297","targetHints":{"allow":["GET"]}}],"collection":[{"href":"https:\/\/honduranroots.com\/es\/wp-json\/wp\/v2\/pages"}],"about":[{"href":"https:\/\/honduranroots.com\/es\/wp-json\/wp\/v2\/types\/page"}],"author":[{"embeddable":true,"href":"https:\/\/honduranroots.com\/es\/wp-json\/wp\/v2\/users\/1"}],"replies":[{"embeddable":true,"href":"https:\/\/honduranroots.com\/es\/wp-json\/wp\/v2\/comments?post=297"}],"version-history":[{"count":4,"href":"https:\/\/honduranroots.com\/es\/wp-json\/wp\/v2\/pages\/297\/revisions"}],"predecessor-version":[{"id":383,"href":"https:\/\/honduranroots.com\/es\/wp-json\/wp\/v2\/pages\/297\/revisions\/383"}],"wp:attachment":[{"href":"https:\/\/honduranroots.com\/es\/wp-json\/wp\/v2\/media?parent=297"}],"curies":[{"name":"wp","href":"https:\/\/api.w.org\/{rel}","templated":true}]}}